{"id":2873,"date":"2022-04-28T18:28:07","date_gmt":"2022-04-28T18:28:07","guid":{"rendered":"https:\/\/laperiodica.net\/la_ortiga\/?page_id=2873"},"modified":"2022-08-01T13:56:54","modified_gmt":"2022-08-01T13:56:54","slug":"la-ortiga-segunda-edicion","status":"publish","type":"page","link":"https:\/\/laperiodica.net\/la_ortiga\/la-ortiga-segunda-edicion\/","title":{"rendered":"La Ortiga (Segunda edici\u00f3n)"},"content":{"rendered":"<div>\n<h1>La Ortiga<\/h1>\n<p>Segunda edici\u00f3n<\/p>\n<\/div>\n<div>\n<p>La Ortiga es un espacio de formaci\u00f3n en comunicaci\u00f3n feminista, cuya finalidad es brindar herramientas para que quienes deseen y tengan inter\u00e9s de hacer comunicaci\u00f3n puedan fortalecer sus capacidades. Partimos de un principio primordial para este fin: la comunicaci\u00f3n es un derecho, por lo tanto todas las personas pueden acceder a \u00e9ste.<\/p>\n<p><a href=\"https:\/\/laperiodica.net\/la_ortiga\/el-curso\/\">La primera edici\u00f3n<\/a> de esta escuela de formaci\u00f3n se desarroll\u00f3 de enero a julio de 2021. La convocatoria recibi\u00f3 m\u00e1s de 60 postulaciones, y fueron seleccionadas 23 personas para participar del proceso. Culminaron la escuela 18 personas defensoras de derechos de las mujeres lesbianas, personas bisexuales y trans.<\/p>\n<p><span>La segunda edici\u00f3n de La Ortiga, la denominamos \u201cLa Ortiga Rodante\u201d se desarroll\u00f3 en abril de 2022, esta vez enfocada en mujeres y personas trans migrantes y poblaci\u00f3n de acogida. Se realizaron 8 talleres simult\u00e1neos tanto en Quito como en Lago Agrio, donde participaron 26 personas.\u00a0<\/span><\/p>\n<p><span>\u00bfPor qu\u00e9 la Ortiga Rodante? Cuando tomamos el nombre de la Ortiga lo hicimos en alusi\u00f3n a la sanaci\u00f3n, fuerza y capacidad de reproducirse en distintos lugares, climas y zonas de esta planta, asoci\u00e1ndola con nuestra perspectiva de comunicaci\u00f3n.\u00a0<\/span><\/p>\n<p><span>Esta vez, junto al apoyo de la OIM Ecuador, orientamos nuestro trabajo a la convivencia y relaci\u00f3n con la migraci\u00f3n. Todas las personas hemos migrado en alg\u00fan momento de la vida, movernos y trasladarnos de un lugar a otro es parte de la historia de la humanidad y en esta edici\u00f3n pusimos a la Ortiga en movimiento, el ir m\u00e1s all\u00e1 de las fronteras y mirar las coincidencias y diferencias en las historias, sobrevivencias, anhelos y sue\u00f1os. <\/span><\/p>\n<p>Durante el proceso brindamos herramientas de comunicaci\u00f3n creativa, fotograf\u00eda y vocer\u00eda para fortalecer habilidades de creaci\u00f3n y narraci\u00f3n de sus propias historias; a partir de una metodolog\u00eda que parti\u00f3 de la comunicaci\u00f3n popular y los feminismos.<\/p>\n<p>Resultado de este proceso realizamos junto a las participantes 10 relatos sonoros, que te invitamos a escuchar.<\/p>\n<\/div>\n<div>\n<p>    <img decoding=\"async\" src=\"\/la_ortiga\/wp-content\/uploads\/2022\/04\/slide-2.jpg\" alt=\"\"><\/p>\n<h4>Escuchar relatos<\/h4>\n<p><a href=\"\/la_ortiga\/relatos-sonoros\/\"><\/a><\/p>\n<\/div>\n<ul>\n<li>\n<h3>La Ortiga Rodante<\/h3>\n<p><a href=\"\/la_ortiga\/la-ortiga-rodante\/\"><\/a><\/p>\n<\/li>\n<li>\n<h3>Equipo de Trabajo<\/h3>\n<p><a href=\"https:\/\/laperiodica.net\/la_ortiga\/la-ortiga-rodante\/#equipo\"><\/a><\/p>\n<\/li>\n<li>\n<h3>FANZINE<\/h3>\n<p><a href=\"https:\/\/laperiodica.net\/la_ortiga\/wp-content\/uploads\/2022\/08\/Fanzine-La-Ortiga-Rodante-2022.pdf\"><\/a><\/p>\n<\/li>\n<\/ul>\n<h4>La segunda edici\u00f3n de La Ortiga cont\u00f3 con el apoyo de:<\/h4>\n<p><img decoding=\"async\" src=\"\/la_ortiga\/wp-content\/uploads\/2022\/05\/OIM-PRM-2021_Mesa-de-trabajo-1.png\" alt=\"\"><\/p>\n<p><!--more--><br \/>\n<!-- {\"name\":\"Version 1\",\"type\":\"layout\",\"children\":[{\"type\":\"section\",\"props\":{\"style\":\"default\",\"width\":\"default\",\"vertical_align\":\"middle\",\"title_position\":\"top-left\",\"title_rotation\":\"left\",\"title_breakpoint\":\"xl\",\"image_position\":\"center-center\",\"image\":\"wp-content\\\/uploads\\\/2022\\\/04\\\/Slide-1_def.jpg\",\"image_size\":\"cover\",\"image_effect\":\"fixed\",\"padding\":\"xlarge\",\"animation\":\"slide-top-small\",\"animation_delay\":\"200\"},\"children\":[{\"type\":\"row\",\"children\":[{\"type\":\"column\",\"props\":{\"image_position\":\"center-center\",\"media_overlay_gradient\":\"\",\"position_sticky_breakpoint\":\"m\"},\"children\":[{\"type\":\"panel\",\"props\":{\"link_text\":\"Read more\",\"title_hover_style\":\"reset\",\"title_element\":\"h1\",\"title_align\":\"top\",\"title_grid_width\":\"1-2\",\"title_grid_breakpoint\":\"m\",\"meta_style\":\"h2\",\"meta_align\":\"above-title\",\"meta_element\":\"div\",\"content_column_breakpoint\":\"m\",\"icon_width\":80,\"image_align\":\"top\",\"image_grid_width\":\"1-2\",\"image_grid_breakpoint\":\"m\",\"image_svg_color\":\"emphasis\",\"link_style\":\"default\",\"margin\":\"default\",\"title\":\"La Ortiga\",\"panel_style\":\"card-secondary\",\"title_style\":\"heading-small\",\"maxwidth\":\"xlarge\",\"meta\":\"Segunda edici\\u00f3n\",\"meta_margin\":\"small\",\"meta_color\":\"success\",\"title_margin\":\"small\",\"animation\":\"slide-left-medium\",\"panel_padding\":\"default\"}}]}]}],\"name\":\"Slide 1\"},{\"type\":\"section\",\"props\":{\"style\":\"muted\",\"width\":\"xlarge\",\"vertical_align\":\"middle\",\"title_position\":\"top-left\",\"title_rotation\":\"left\",\"title_breakpoint\":\"xl\",\"image_position\":\"center-center\",\"padding_remove_top\":false,\"padding_remove_bottom\":false,\"animation\":\"slide-bottom-medium\",\"animation_delay\":\"200\"},\"children\":[{\"type\":\"row\",\"props\":{\"column_gap\":\"large\",\"divider\":true,\"width\":\"xsmall\"},\"children\":[{\"type\":\"column\",\"props\":{\"image_position\":\"center-center\",\"media_overlay_gradient\":\"\",\"width_medium\":\"\",\"position_sticky_breakpoint\":\"m\"},\"children\":[{\"type\":\"text\",\"props\":{\"margin\":\"default\",\"column_breakpoint\":\"m\",\"text_style\":\"lead\",\"block_align\":\"center\",\"dropcap\":true,\"source\":\"article\",\"content\":\"\n\n<p>La Ortiga es un espacio de formaci\\u00f3n en comunicaci\\u00f3n feminista, cuya finalidad es brindar herramientas para que quienes deseen y tengan inter\\u00e9s de hacer comunicaci\\u00f3n puedan fortalecer sus capacidades. Partimos de un principio primordial para este fin: la comunicaci\\u00f3n es un derecho, por lo tanto todas las personas pueden acceder a \\u00e9ste.<\\\/p>\\n\n\n<p><a href=\\\"https:\\\/\\\/laperiodica.net\\\/la_ortiga\\\/el-curso\\\/\\\">La primera edici\\u00f3n<\\\/a> de esta escuela de formaci\\u00f3n se desarroll\\u00f3 de enero a julio de 2021. La convocatoria recibi\\u00f3 m\\u00e1s de 60 postulaciones, y fueron seleccionadas 23 personas para participar del proceso. Culminaron la escuela 18 personas defensoras de derechos de las mujeres lesbianas, personas bisexuales y trans.<\\\/p>\\n\n\n<p><span>La segunda edici\\u00f3n de La Ortiga, la denominamos \\u201cLa Ortiga Rodante\\u201d se desarroll\\u00f3 en abril de 2022, esta vez enfocada en mujeres y personas trans migrantes y poblaci\\u00f3n de acogida. Se realizaron 8 talleres simult\\u00e1neos tanto en Quito como en Lago Agrio, donde participaron 26 personas.\\u00a0<\\\/span><\\\/p>\\n\n\n<p><span>\\u00bfPor qu\\u00e9 la Ortiga Rodante? Cuando tomamos el nombre de la Ortiga lo hicimos en alusi\\u00f3n a la sanaci\\u00f3n, fuerza y capacidad de reproducirse en distintos lugares, climas y zonas de esta planta, asoci\\u00e1ndola con nuestra perspectiva de comunicaci\\u00f3n.\\u00a0<\\\/span><\\\/p>\\n\n\n<p><span>Esta vez, junto al apoyo de la OIM Ecuador, orientamos nuestro trabajo a la convivencia y relaci\\u00f3n con la migraci\\u00f3n. Todas las personas hemos migrado en alg\\u00fan momento de la vida, movernos y trasladarnos de un lugar a otro es parte de la historia de la humanidad y en esta edici\\u00f3n pusimos a la Ortiga en movimiento, el ir m\\u00e1s all\\u00e1 de las fronteras y mirar las coincidencias y diferencias en las historias, sobrevivencias, anhelos y sue\\u00f1os. <\\\/span><\\\/p>\\n\n\n<p>Durante el proceso brindamos herramientas de comunicaci\\u00f3n creativa, fotograf\\u00eda y vocer\\u00eda para fortalecer habilidades de creaci\\u00f3n y narraci\\u00f3n de sus propias historias; a partir de una metodolog\\u00eda que parti\\u00f3 de la comunicaci\\u00f3n popular y los feminismos.<\\\/p>\\n\n\n<p>Resultado de este proceso realizamos junto a las participantes 10 relatos sonoros, que te invitamos a escuchar.<\\\/p>\",\"text_align\":\"left\"}}]}]},{\"type\":\"row\",\"children\":[{\"type\":\"column\",\"props\":{\"position_sticky_breakpoint\":\"m\",\"image_position\":\"center-center\",\"media_overlay_gradient\":\"\"},\"children\":[{\"type\":\"overlay-slider\",\"props\":{\"show_title\":true,\"show_meta\":true,\"show_content\":true,\"show_link\":true,\"show_hover_image\":true,\"slider_width\":\"fixed\",\"slider_width_default\":\"1-1\",\"slider_width_medium\":\"1-1\",\"slider_gap\":\"default\",\"slider_autoplay_pause\":true,\"nav\":\"dotnav\",\"nav_align\":\"center\",\"nav_breakpoint\":\"s\",\"slidenav\":\"default\",\"slidenav_margin\":\"medium\",\"slidenav_breakpoint\":\"s\",\"slidenav_outside_breakpoint\":\"xl\",\"overlay_mode\":\"caption\",\"overlay_position\":\"center\",\"overlay_transition\":\"fade\",\"title_hover_style\":\"\",\"title_element\":\"h4\",\"meta_style\":\"meta\",\"meta_align\":\"below-title\",\"meta_element\":\"div\",\"link_text\":\"\",\"link_style\":\"default\",\"text_align\":\"center\",\"margin\":\"default\",\"slider_width_xlarge\":\"1-1\",\"slider_width_large\":\"1-1\",\"slider_width_small\":\"1-1\",\"maxwidth\":\"large\",\"block_align\":\"center\",\"overlay_style\":\"tile-secondary\",\"overlay_padding\":\"small\",\"title_style\":\"h4\",\"link_target\":false,\"title_link\":true,\"image_transition\":\"scale-up\",\"overlay_link\":true},\"children\":[{\"type\":\"overlay-slider_item\",\"props\":{\"image\":\"wp-content\\\/uploads\\\/2022\\\/04\\\/slide-2.jpg\",\"title\":\"Escuchar relatos\",\"link\":\"relatos-sonoros\\\/\"}}]}]}]},{\"type\":\"row\",\"children\":[{\"type\":\"column\",\"props\":{\"position_sticky_breakpoint\":\"m\",\"image_position\":\"center-center\",\"media_overlay_gradient\":\"\"},\"children\":[{\"type\":\"grid\",\"props\":{\"show_title\":true,\"show_meta\":false,\"show_content\":false,\"show_image\":true,\"show_link\":true,\"grid_default\":\"1\",\"grid_medium\":\"2\",\"filter_style\":\"tab\",\"filter_all\":true,\"filter_position\":\"top\",\"filter_align\":\"left\",\"filter_grid_width\":\"auto\",\"filter_grid_breakpoint\":\"m\",\"title_hover_style\":\"reset\",\"title_element\":\"h3\",\"title_align\":\"left\",\"title_grid_width\":\"auto\",\"title_grid_breakpoint\":\"m\",\"meta_style\":\"meta\",\"meta_align\":\"below-title\",\"meta_element\":\"div\",\"content_column_breakpoint\":\"m\",\"icon_width\":\"50\",\"image_align\":\"right\",\"image_grid_width\":\"auto\",\"image_grid_breakpoint\":\"\",\"image_svg_color\":\"emphasis\",\"link_text\":\"\",\"link_style\":\"text\",\"margin\":\"default\",\"item_animation\":true,\"grid_xlarge\":\"2\",\"grid_large\":\"2\",\"grid_small\":\"1\",\"text_align\":\"center\",\"grid_divider\":false,\"title_style\":\"h3\",\"block_align\":\"center\",\"panel_style\":\"card-secondary\",\"panel_padding\":\"small\",\"content_margin\":\"small\",\"grid_column_gap\":\"small\",\"panel_link\":true,\"image_link\":true,\"image_transition\":\"scale-up\",\"image_vertical_align\":true},\"children\":[{\"type\":\"grid_item\",\"props\":{\"title\":\"La Ortiga Rodante\",\"link\":\"la-ortiga-rodante\\\/\",\"link_text\":\"\",\"icon\":\"arrow-right\"}},{\"type\":\"grid_item\",\"props\":{\"title\":\"Equipo de Trabajo\",\"icon\":\"arrow-right\",\"link\":\"https:\\\/\\\/laperiodica.net\\\/la_ortiga\\\/la-ortiga-rodante\\\/#equipo\",\"link_text\":\"\"}},{\"type\":\"grid_item\",\"props\":{\"title\":\"FANZINE\",\"icon\":\"arrow-right\",\"link\":\"https:\\\/\\\/laperiodica.net\\\/la_ortiga\\\/wp-content\\\/uploads\\\/2022\\\/08\\\/Fanzine-La-Ortiga-Rodante-2022.pdf\"}}]}]}],\"props\":{\"width\":\"xsmall\",\"margin\":\"medium\"}}],\"name\":\"La Ortiga (Segunda edici\\u00f3n)\"},{\"type\":\"section\",\"props\":{\"style\":\"default\",\"width\":\"small\",\"vertical_align\":\"middle\",\"title_position\":\"top-left\",\"title_rotation\":\"left\",\"title_breakpoint\":\"xl\",\"image_position\":\"center-center\",\"padding\":\"small\"},\"children\":[{\"type\":\"row\",\"props\":{\"divider\":true},\"children\":[{\"type\":\"column\",\"props\":{\"image_position\":\"center-center\",\"media_overlay_gradient\":\"\",\"width_medium\":\"\",\"position_sticky_breakpoint\":\"m\"},\"children\":[{\"type\":\"headline\",\"props\":{\"title_element\":\"h4\",\"content\":\"La segunda edici\\u00f3n de La Ortiga cont\\u00f3 con el apoyo de:\",\"title_style\":\"h4\",\"text_align\":\"center\"}},{\"type\":\"image\",\"props\":{\"margin\":\"default\",\"image_svg_color\":\"emphasis\",\"image\":\"wp-content\\\/uploads\\\/2022\\\/05\\\/OIM-PRM-2021_Mesa-de-trabajo-1.png\",\"image_width\":\"300px\",\"text_align\":\"center\"}}]}]}],\"name\":\"Logos\"}],\"version\":\"2.7.22\"} --><\/p>\n","protected":false},"excerpt":{"rendered":"<p>La Ortiga Segunda edici\u00f3n La Ortiga es un espacio de formaci\u00f3n en comunicaci\u00f3n feminista, cuya finalidad es brindar herramientas para que quienes deseen y tengan inter\u00e9s de hacer comunicaci\u00f3n puedan fortalecer sus capacidades. Partimos de un principio primordial para este fin: la comunicaci\u00f3n es un derecho, por lo tanto todas las personas pueden acceder a [&hellip;]<\/p>\n","protected":false},"author":13,"featured_media":0,"parent":0,"menu_order":0,"comment_status":"closed","ping_status":"closed","template":"","meta":{"_acf_changed":false,"footnotes":""},"class_list":["post-2873","page","type-page","status-publish","hentry"],"acf":[],"_links":{"self":[{"href":"https:\/\/laperiodica.net\/la_ortiga\/wp-json\/wp\/v2\/pages\/2873","targetHints":{"allow":["GET"]}}],"collection":[{"href":"https:\/\/laperiodica.net\/la_ortiga\/wp-json\/wp\/v2\/pages"}],"about":[{"href":"https:\/\/laperiodica.net\/la_ortiga\/wp-json\/wp\/v2\/types\/page"}],"author":[{"embeddable":true,"href":"https:\/\/laperiodica.net\/la_ortiga\/wp-json\/wp\/v2\/users\/13"}],"replies":[{"embeddable":true,"href":"https:\/\/laperiodica.net\/la_ortiga\/wp-json\/wp\/v2\/comments?post=2873"}],"version-history":[{"count":127,"href":"https:\/\/laperiodica.net\/la_ortiga\/wp-json\/wp\/v2\/pages\/2873\/revisions"}],"predecessor-version":[{"id":3298,"href":"https:\/\/laperiodica.net\/la_ortiga\/wp-json\/wp\/v2\/pages\/2873\/revisions\/3298"}],"wp:attachment":[{"href":"https:\/\/laperiodica.net\/la_ortiga\/wp-json\/wp\/v2\/media?parent=2873"}],"curies":[{"name":"wp","href":"https:\/\/api.w.org\/{rel}","templated":true}]}}