{"id":1,"date":"2019-07-25T10:30:43","date_gmt":"2019-07-25T10:30:43","guid":{"rendered":"http:\/\/fernandazanchetta.com\/periodica\/?p=1"},"modified":"2025-02-25T21:54:41","modified_gmt":"2025-02-25T21:54:41","slug":"home","status":"publish","type":"page","link":"https:\/\/laperiodica.net\/la_ortiga\/","title":{"rendered":"Home"},"content":{"rendered":"<ul>\n<li>\n<p>        <img decoding=\"async\" src=\"\/la_ortiga\/wp-content\/uploads\/2021\/01\/Slide-2.jpg\" alt=\"\"><\/p>\n<h1>Escuela de Comunicaci\u00f3n Feminista<\/h1>\n<p>La Ortiga<\/p>\n<div>\n<p>Una iniciativa de <a href=\"https:\/\/laperiodica.net\/\" target=\"_blank\" rel=\"noopener\">La Peri\u00f3dica<\/a><\/p>\n<\/div>\n<p><a href=\"\/la_ortiga\/somos\/\">Con\u00f3cenos<\/a><\/p>\n<\/li>\n<li>\n<p>        <img decoding=\"async\" src=\"\/la_ortiga\/wp-content\/uploads\/2022\/04\/Slide-1_def.jpg\" alt=\"\"><\/p>\n<h1>La Ortiga <\/h1>\n<p>Segunda edici\u00f3n <\/p>\n<p><a href=\"\/la_ortiga\/la-ortiga-segunda-edicion\/\">Conocer m\u00e1s<\/a><\/p>\n<\/li>\n<li>\n<p>        <img decoding=\"async\" src=\"\/la_ortiga\/wp-content\/uploads\/2022\/05\/slide-la-ortiga-1.png\" alt=\"\"><\/p>\n<h1>La Ortiga <\/h1>\n<p>Primera edici\u00f3n <\/p>\n<p><a href=\"\/la_ortiga\/el-curso\/\">Conocer m\u00e1s<\/a><\/p>\n<\/li>\n<\/ul>\n<h1>\u00bfQu\u00e9 es <span class=\"uk-text-success\">La Ortiga?<\/span><\/h1>\n<div>\n<p>    <img decoding=\"async\" src=\"\/la_ortiga\/wp-content\/uploads\/2021\/01\/Artboard-7-copy-2.png\" alt=\"\"><\/p>\n<div>\n<p>Es una <b>Escuela de Comunicaci\u00f3n Feminista<\/b> impulsada por la revista digital feminista <a href=\"https:\/\/laperiodica.net\/\" target=\"_blank\" data-wplink-url-error=\"true\"><i>La Peri\u00f3dica<\/i>.  <\/a>cuya finalidad es fortalecer el periodismo y la comunicaci\u00f3n feminista en el pa\u00eds.<\/p>\n<\/div>\n<\/div>\n<h1>\u00bfC\u00f3mo y qu\u00e9 contenidos se desarollan en <span class=\"uk-text-success\">La Ortiga?<\/span><\/h1>\n<div>\n<p>Los contenidos son autogestionados y divididos en m\u00f3dulos. Cada m\u00f3dulo esta acompa\u00f1ado por tutoras y videoconferencias.<\/p>\n<\/div>\n<div>\n<p>Durante los 5 meses se desarrollar\u00e1n los siguientes m\u00f3dulos:<\/p>\n<\/div>\n<div>\n<p>    <img decoding=\"async\" src=\"\/la_ortiga\/wp-content\/uploads\/2021\/01\/Modulos-3-scaled.jpg\" alt=\"\"><\/p>\n<h3><span uk-icon=\"icon: search; ratio: 2\"><\/span><\/h3>\n<\/div>\n<p><!--more--><br \/>\n<!-- {\"name\":\"Home\",\"type\":\"layout\",\"children\":[{\"name\":\"SLIDER\",\"type\":\"section\",\"props\":{\"image_position\":\"center-center\",\"padding\":\"none\",\"padding_remove_bottom\":true,\"style\":\"secondary\",\"title_breakpoint\":\"xl\",\"title_position\":\"top-left\",\"title_rotation\":\"left\",\"vertical_align\":\"\",\"width\":\"\"},\"children\":[{\"type\":\"row\",\"props\":{\"height\":\"viewport\",\"height_offset_top\":true,\"height_viewport\":80,\"margin\":\"large\",\"margin_remove_top\":true,\"padding_remove_horizontal\":true,\"width\":\"xlarge\"},\"children\":[{\"type\":\"column\",\"props\":{\"image_position\":\"center-center\",\"position_sticky_breakpoint\":\"m\",\"width_medium\":\"1-1\"},\"children\":[{\"type\":\"slideshow\",\"props\":{\"content_margin\":\"small\",\"content_style\":\"text-lead\",\"link_style\":\"primary\",\"link_target\":true,\"link_text\":\"Inscr\\u00edbite\",\"margin\":\"default\",\"meta_align\":\"above-title\",\"meta_color\":\"success\",\"meta_element\":\"div\",\"meta_style\":\"h3\",\"nav\":\"dotnav\",\"nav_align\":\"center\",\"nav_breakpoint\":\"s\",\"nav_position\":\"bottom-center\",\"nav_position_margin\":\"medium\",\"overlay_animation\":\"parallax\",\"overlay_position\":\"center-right\",\"overlay_style\":\"tile-secondary\",\"overlay_width\":\"xlarge\",\"show_content\":true,\"show_link\":true,\"show_meta\":true,\"show_thumbnail\":true,\"show_title\":true,\"slidenav\":\"default\",\"slidenav_breakpoint\":\"s\",\"slidenav_margin\":\"medium\",\"slidenav_outside_breakpoint\":\"xl\",\"slideshow_animation\":\"push\",\"slideshow_autoplay\":true,\"slideshow_autoplay_pause\":true,\"slideshow_height\":\"viewport\",\"slideshow_height_viewport\":80,\"slideshow_kenburns\":\"alternate\",\"slideshow_min_height\":300,\"thumbnav_height\":\"75\",\"thumbnav_svg_color\":\"emphasis\",\"thumbnav_width\":\"100\",\"title_color\":\"secondary\",\"title_element\":\"h1\",\"title_hover_style\":\"reset\",\"title_margin\":\"remove\",\"title_style\":\"heading-small\"},\"children\":[{\"type\":\"slideshow_item\",\"props\":{\"content\":\"\n\n<p>Una iniciativa de <a href=\\\"https:\\\/\\\/laperiodica.net\\\/\\\" target=\\\"_blank\\\" rel=\\\"noopener\\\">La Peri\\u00f3dica<\\\/a><\\\/p>\",\"image\":\"wp-content\\\/uploads\\\/2021\\\/01\\\/Slide-2.jpg\",\"link\":\"somos\\\/\",\"link_text\":\"Con\\u00f3cenos\",\"meta\":\"La Ortiga\",\"title\":\"Escuela de Comunicaci\\u00f3n Feminista\"}},{\"type\":\"slideshow_item\",\"props\":{\"image\":\"wp-content\\\/uploads\\\/2022\\\/04\\\/Slide-1_def.jpg\",\"link\":\"la-ortiga-segunda-edicion\\\/\",\"link_text\":\"Conocer m\\u00e1s\",\"meta\":\"Segunda edici\\u00f3n \",\"title\":\"La Ortiga \"}},{\"type\":\"slideshow_item\",\"props\":{\"image\":\"wp-content\\\/uploads\\\/2022\\\/05\\\/slide-la-ortiga-1.png\",\"link\":\"el-curso\\\/\",\"link_text\":\"Conocer m\\u00e1s\",\"meta\":\"Primera edici\\u00f3n \",\"title\":\"La Ortiga \"}}]}]}]}]},{\"type\":\"section\",\"props\":{\"animation\":\"fade\",\"id\":\"queeslaortiga\",\"image_position\":\"center-center\",\"padding_remove_bottom\":false,\"padding_remove_top\":false,\"style\":\"muted\",\"title_breakpoint\":\"xl\",\"title_position\":\"center-left\",\"title_rotation\":\"left\",\"vertical_align\":\"\",\"width\":\"\"},\"children\":[{\"type\":\"row\",\"props\":{\"divider\":false,\"layout\":\"1-3,2-3\",\"margin\":\"medium\",\"margin_remove_bottom\":true,\"margin_remove_top\":false,\"width\":\"default\"},\"children\":[{\"type\":\"column\",\"props\":{\"image_position\":\"center-center\",\"position_sticky_breakpoint\":\"m\",\"vertical_align\":\"middle\",\"width_medium\":\"1-3\"},\"children\":[{\"type\":\"headline\",\"props\":{\"block_align\":\"center\",\"content\":\"\\u00bfQu\\u00e9 es <span class=\\\"uk-text-success\\\">La Ortiga?<\\\/span>\",\"maxwidth\":\"2xlarge\",\"position\":\"relative\",\"position_z_index\":\"1\",\"text_align\":\"center\",\"title_element\":\"h1\",\"title_style\":\"heading-medium\"}}]},{\"type\":\"column\",\"props\":{\"image_position\":\"center-center\",\"position_sticky_breakpoint\":\"m\",\"vertical_align\":\"middle\",\"width_medium\":\"2-3\"},\"children\":[{\"type\":\"grid\",\"props\":{\"content_column_breakpoint\":\"m\",\"content_style\":\"text-lead\",\"filter_align\":\"left\",\"filter_all\":true,\"filter_grid_breakpoint\":\"m\",\"filter_grid_width\":\"auto\",\"filter_position\":\"top\",\"filter_style\":\"tab\",\"grid_default\":\"1\",\"grid_large\":\"1\",\"grid_medium\":\"1\",\"grid_small\":\"1\",\"grid_xlarge\":\"1\",\"icon_width\":80,\"image_align\":\"left\",\"image_grid_breakpoint\":\"m\",\"image_grid_width\":\"auto\",\"image_height\":\"20%\",\"image_svg_color\":\"emphasis\",\"image_width\":\"20%\",\"item_animation\":true,\"lightbox_bg_close\":true,\"link_style\":\"default\",\"link_text\":\"Read more\",\"margin\":\"default\",\"meta_align\":\"below-title\",\"meta_element\":\"div\",\"meta_style\":\"text-meta\",\"parallax_easing\":\"1\",\"show_content\":true,\"show_hover_image\":true,\"show_hover_video\":true,\"show_image\":true,\"show_link\":true,\"show_meta\":true,\"show_title\":true,\"show_video\":true,\"text_align\":\"left\",\"text_align_breakpoint\":\"m\",\"text_align_fallback\":\"center\",\"title_align\":\"top\",\"title_element\":\"h3\",\"title_grid_breakpoint\":\"m\",\"title_grid_width\":\"1-2\",\"title_hover_style\":\"reset\"},\"children\":[{\"type\":\"grid_item\",\"props\":{\"content\":\"\n\n<p>Es una <b>Escuela de Comunicaci\\u00f3n Feminista<\\\/b> impulsada por la revista digital feminista <a href=\\\"https:\\\/\\\/laperiodica.net\\\/\\\" target=\\\"_blank\\\" data-wplink-url-error=\\\"true\\\"><i>La Peri\\u00f3dica<\\\/i>.  <\\\/a>cuya finalidad es fortalecer el periodismo y la comunicaci\\u00f3n feminista en el pa\\u00eds.<\\\/p>\",\"image\":\"wp-content\\\/uploads\\\/2021\\\/01\\\/Artboard-7-copy-2.png\"}}]}]}]}],\"name\":\"Qu\\u00e9 es La Ortiga? \"},{\"type\":\"section\",\"props\":{\"image_position\":\"center-center\",\"padding_remove_bottom\":false,\"padding_remove_top\":false,\"style\":\"secondary\",\"title_breakpoint\":\"xl\",\"title_position\":\"center-left\",\"title_rotation\":\"left\",\"vertical_align\":\"\",\"width\":\"\"},\"children\":[{\"type\":\"row\",\"props\":{\"column_gap\":\"large\",\"layout\":\"1-2,1-2\",\"margin\":\"medium\",\"margin_remove_bottom\":true,\"margin_remove_top\":false,\"width\":\"expand\"},\"children\":[{\"type\":\"column\",\"props\":{\"image_position\":\"center-center\",\"position_sticky_breakpoint\":\"m\",\"vertical_align\":\"middle\",\"width_medium\":\"1-2\"},\"children\":[{\"type\":\"headline\",\"props\":{\"block_align\":\"center\",\"content\":\"\\u00bfC\\u00f3mo y qu\\u00e9 contenidos se desarollan en <span class=\\\"uk-text-success\\\">La Ortiga?<\\\/span>\",\"maxwidth\":\"2xlarge\",\"position\":\"relative\",\"position_z_index\":\"1\",\"text_align\":\"center\",\"title_element\":\"h1\",\"title_style\":\"heading-small\"}},{\"type\":\"text\",\"props\":{\"column_breakpoint\":\"m\",\"content\":\"\n\n<p>Los contenidos son autogestionados y divididos en m\\u00f3dulos. Cada m\\u00f3dulo esta acompa\\u00f1ado por tutoras y videoconferencias.<\\\/p>\",\"dropcap\":false,\"margin\":\"remove-vertical\",\"margin_remove_top\":true,\"text_align\":\"center\",\"text_style\":\"lead\"}}]},{\"type\":\"column\",\"props\":{\"image_position\":\"center-center\",\"position_sticky_breakpoint\":\"m\",\"vertical_align\":\"middle\",\"width_medium\":\"1-2\"},\"children\":[{\"type\":\"text\",\"props\":{\"column_breakpoint\":\"m\",\"content\":\"\n\n<p>Durante los 5 meses se desarrollar\\u00e1n los siguientes m\\u00f3dulos:<\\\/p>\",\"margin\":\"default\",\"text_align\":\"center\",\"text_style\":\"lead\"}},{\"type\":\"gallery\",\"props\":{\"content_display\":\"item\",\"filter_align\":\"left\",\"filter_all\":true,\"filter_grid_breakpoint\":\"m\",\"filter_grid_width\":\"auto\",\"filter_position\":\"top\",\"filter_style\":\"tab\",\"grid_default\":\"1\",\"grid_large\":\"1\",\"grid_medium\":\"1\",\"grid_small\":\"1\",\"grid_xlarge\":\"1\",\"image_transition\":\"scale-up\",\"item_animation\":true,\"lightbox\":true,\"lightbox_bg_close\":true,\"link_style\":\"default\",\"link_text\":\"\",\"margin\":\"default\",\"meta_align\":\"below-title\",\"meta_element\":\"div\",\"meta_style\":\"text-meta\",\"overlay_hover\":true,\"overlay_link\":true,\"overlay_mode\":\"cover\",\"overlay_position\":\"center\",\"overlay_style\":\"overlay-primary\",\"overlay_transition\":\"fade\",\"parallax_easing\":\"1\",\"show_content\":true,\"show_hover_image\":true,\"show_hover_video\":true,\"show_link\":true,\"show_meta\":true,\"show_title\":true,\"text_align\":\"center\",\"text_color\":\"light\",\"title_color\":\"primary\",\"title_display\":\"item\",\"title_element\":\"h3\",\"title_hover_style\":\"reset\",\"title_link\":true},\"children\":[{\"type\":\"gallery_item\",\"props\":{\"image\":\"wp-content\\\/uploads\\\/2021\\\/01\\\/Modulos-3-scaled.jpg\",\"title\":\"<span uk-icon=\\\"icon: search; ratio: 2\\\"><\\\/span>\"}}]}]}]}],\"name\":\"Desarrollo y M\\u00f3dulos\"}],\"version\":\"4.5.6\"} --><\/p>\n","protected":false},"excerpt":{"rendered":"<p>Escuela de Comunicaci\u00f3n Feminista La Ortiga Una iniciativa de La Peri\u00f3dica Con\u00f3cenos La Ortiga Segunda edici\u00f3n Conocer m\u00e1s La Ortiga Primera edici\u00f3n Conocer m\u00e1s \u00bfQu\u00e9 es La Ortiga? Es una Escuela de Comunicaci\u00f3n Feminista impulsada por la revista digital feminista La Peri\u00f3dica. cuya finalidad es fortalecer el periodismo y la comunicaci\u00f3n feminista en el pa\u00eds. [&hellip;]<\/p>\n","protected":false},"author":13,"featured_media":0,"parent":0,"menu_order":3,"comment_status":"open","ping_status":"open","template":"","meta":{"_acf_changed":false,"footnotes":""},"class_list":["post-1","page","type-page","status-publish","hentry"],"acf":[],"_links":{"self":[{"href":"https:\/\/laperiodica.net\/la_ortiga\/wp-json\/wp\/v2\/pages\/1","targetHints":{"allow":["GET"]}}],"collection":[{"href":"https:\/\/laperiodica.net\/la_ortiga\/wp-json\/wp\/v2\/pages"}],"about":[{"href":"https:\/\/laperiodica.net\/la_ortiga\/wp-json\/wp\/v2\/types\/page"}],"author":[{"embeddable":true,"href":"https:\/\/laperiodica.net\/la_ortiga\/wp-json\/wp\/v2\/users\/13"}],"replies":[{"embeddable":true,"href":"https:\/\/laperiodica.net\/la_ortiga\/wp-json\/wp\/v2\/comments?post=1"}],"version-history":[{"count":212,"href":"https:\/\/laperiodica.net\/la_ortiga\/wp-json\/wp\/v2\/pages\/1\/revisions"}],"predecessor-version":[{"id":3320,"href":"https:\/\/laperiodica.net\/la_ortiga\/wp-json\/wp\/v2\/pages\/1\/revisions\/3320"}],"wp:attachment":[{"href":"https:\/\/laperiodica.net\/la_ortiga\/wp-json\/wp\/v2\/media?parent=1"}],"curies":[{"name":"wp","href":"https:\/\/api.w.org\/{rel}","templated":true}]}}